{"id":106,"date":"2026-04-01T10:11:36","date_gmt":"2026-04-01T08:11:36","guid":{"rendered":"https:\/\/fundazbox.pl\/?page_id=106"},"modified":"2026-04-08T16:42:52","modified_gmt":"2026-04-08T14:42:52","slug":"strona-glowna","status":"publish","type":"page","link":"https:\/\/fundazbox.pl\/","title":{"rendered":"Strona g\u0142\u00f3wna"},"content":{"rendered":"\n<div class=\"wp-block-cover aligncenter is-light has-custom-content-position is-position-center-left\" style=\"min-height:957px;aspect-ratio:unset;\"><img loading=\"lazy\" decoding=\"async\" width=\"1536\" height=\"1024\" class=\"wp-block-cover__image-background wp-image-116 size-full\" alt=\"\" src=\"https:\/\/fundazbox.pl\/wp-content\/uploads\/2026\/04\/STRONAGLOWNA.png\" data-object-fit=\"cover\" srcset=\"https:\/\/fundazbox.pl\/wp-content\/uploads\/2026\/04\/STRONAGLOWNA.png 1536w, https:\/\/fundazbox.pl\/wp-content\/uploads\/2026\/04\/STRONAGLOWNA-600x400.png 600w, https:\/\/fundazbox.pl\/wp-content\/uploads\/2026\/04\/STRONAGLOWNA-300x200.png 300w, https:\/\/fundazbox.pl\/wp-content\/uploads\/2026\/04\/STRONAGLOWNA-1024x683.png 1024w, https:\/\/fundazbox.pl\/wp-content\/uploads\/2026\/04\/STRONAGLOWNA-768x512.png 768w\" sizes=\"auto, (max-width: 1536px) 100vw, 1536px\" \/><span aria-hidden=\"true\" class=\"wp-block-cover__background has-background-dim-30 has-background-dim\" style=\"background-color:#e8e0dc\"><\/span><div class=\"wp-block-cover__inner-container is-layout-constrained wp-block-cover-is-layout-constrained\">\n<h2 class=\"wp-block-heading hero-heading has-inter-font-family\">SMART GIFTING DLA NOWOCZESNYCH FIRM<\/h2>\n\n\n\n<p class=\"has-text-align-left hero-subtext has-large-font-size\">Doceniaj ludzi w spos\u00f3b, kt\u00f3ry naprawd\u0119 robi wra\u017cenie.<br><\/p>\n<\/div><\/div>\n","protected":false},"excerpt":{"rendered":"","protected":false},"author":1,"featured_media":0,"parent":0,"menu_order":0,"comment_status":"closed","ping_status":"closed","template":"","meta":{"footnotes":""},"class_list":["post-106","page","type-page","status-publish","hentry"],"blocksy_meta":[],"_links":{"self":[{"href":"https:\/\/fundazbox.pl\/index.php?rest_route=\/wp\/v2\/pages\/106","targetHints":{"allow":["GET"]}}],"collection":[{"href":"https:\/\/fundazbox.pl\/index.php?rest_route=\/wp\/v2\/pages"}],"about":[{"href":"https:\/\/fundazbox.pl\/index.php?rest_route=\/wp\/v2\/types\/page"}],"author":[{"embeddable":true,"href":"https:\/\/fundazbox.pl\/index.php?rest_route=\/wp\/v2\/users\/1"}],"replies":[{"embeddable":true,"href":"https:\/\/fundazbox.pl\/index.php?rest_route=%2Fwp%2Fv2%2Fcomments&post=106"}],"version-history":[{"count":12,"href":"https:\/\/fundazbox.pl\/index.php?rest_route=\/wp\/v2\/pages\/106\/revisions"}],"predecessor-version":[{"id":155,"href":"https:\/\/fundazbox.pl\/index.php?rest_route=\/wp\/v2\/pages\/106\/revisions\/155"}],"wp:attachment":[{"href":"https:\/\/fundazbox.pl\/index.php?rest_route=%2Fwp%2Fv2%2Fmedia&parent=106"}],"curies":[{"name":"wp","href":"https:\/\/api.w.org\/{rel}","templated":true}]}}